{"id":224,"date":"2021-02-19T22:26:16","date_gmt":"2021-02-19T21:26:16","guid":{"rendered":"http:\/\/localhost\/pedytrans\/zkusebni-stranka\/"},"modified":"2021-02-23T21:25:36","modified_gmt":"2021-02-23T20:25:36","slug":"zkusebni-stranka","status":"publish","type":"page","link":"https:\/\/pedytrans.cz\/de\/","title":{"rendered":"\u00davod"},"content":{"rendered":"","protected":false},"excerpt":{"rendered":"","protected":false},"author":2,"featured_media":0,"parent":0,"menu_order":0,"comment_status":"closed","ping_status":"open","template":"templates\/homepage-template.php","meta":{"footnotes":""},"class_list":["post-224","page","type-page","status-publish","hentry"],"yoast_head":"<!-- This site is optimized with the Yoast SEO plugin v22.7 - https:\/\/yoast.com\/wordpress\/plugins\/seo\/ -->\n<title>\u00davod - Pedytrans<\/title>\n<meta name=\"robots\" content=\"index, follow, max-snippet:-1, max-image-preview:large, max-video-preview:-1\" \/>\n<link rel=\"canonical\" href=\"https:\/\/pedytrans.cz\/de\/\" \/>\n<meta property=\"og:locale\" content=\"de_DE\" \/>\n<meta property=\"og:type\" content=\"article\" \/>\n<meta property=\"og:title\" content=\"\u00davod - Pedytrans\" \/>\n<meta property=\"og:url\" content=\"https:\/\/pedytrans.cz\/de\/\" \/>\n<meta property=\"og:site_name\" content=\"Pedytrans\" \/>\n<meta property=\"article:modified_time\" content=\"2021-02-23T20:25:36+00:00\" \/>\n<meta name=\"twitter:card\" content=\"summary_large_image\" \/>\n<script type=\"application\/ld+json\" class=\"yoast-schema-graph\">{\"@context\":\"https:\/\/schema.org\",\"@graph\":[{\"@type\":\"WebPage\",\"@id\":\"https:\/\/pedytrans.cz\/de\/\",\"url\":\"https:\/\/pedytrans.cz\/de\/\",\"name\":\"\u00davod - Pedytrans\",\"isPartOf\":{\"@id\":\"https:\/\/pedytrans.cz\/#website\"},\"datePublished\":\"2021-02-19T21:26:16+00:00\",\"dateModified\":\"2021-02-23T20:25:36+00:00\",\"breadcrumb\":{\"@id\":\"https:\/\/pedytrans.cz\/de\/#breadcrumb\"},\"inLanguage\":\"de\",\"potentialAction\":[{\"@type\":\"ReadAction\",\"target\":[\"https:\/\/pedytrans.cz\/de\/\"]}]},{\"@type\":\"BreadcrumbList\",\"@id\":\"https:\/\/pedytrans.cz\/de\/#breadcrumb\",\"itemListElement\":[{\"@type\":\"ListItem\",\"position\":1,\"name\":\"Dom\u016f\",\"item\":\"https:\/\/pedytrans.cz\/de\/\"},{\"@type\":\"ListItem\",\"position\":2,\"name\":\"\u00davod\"}]},{\"@type\":\"WebSite\",\"@id\":\"https:\/\/pedytrans.cz\/#website\",\"url\":\"https:\/\/pedytrans.cz\/\",\"name\":\"Pedytrans\",\"description\":\"Dal\u0161\u00ed web pou\u017e\u00edvaj\u00edc\u00ed WordPress\",\"potentialAction\":[{\"@type\":\"SearchAction\",\"target\":{\"@type\":\"EntryPoint\",\"urlTemplate\":\"https:\/\/pedytrans.cz\/?s={search_term_string}\"},\"query-input\":\"required name=search_term_string\"}],\"inLanguage\":\"de\"}]}<\/script>\n<!-- \/ Yoast SEO plugin. -->","yoast_head_json":{"title":"\u00davod - Pedytrans","robots":{"index":"index","follow":"follow","max-snippet":"max-snippet:-1","max-image-preview":"max-image-preview:large","max-video-preview":"max-video-preview:-1"},"canonical":"https:\/\/pedytrans.cz\/de\/","og_locale":"de_DE","og_type":"article","og_title":"\u00davod - Pedytrans","og_url":"https:\/\/pedytrans.cz\/de\/","og_site_name":"Pedytrans","article_modified_time":"2021-02-23T20:25:36+00:00","twitter_card":"summary_large_image","schema":{"@context":"https:\/\/schema.org","@graph":[{"@type":"WebPage","@id":"https:\/\/pedytrans.cz\/de\/","url":"https:\/\/pedytrans.cz\/de\/","name":"\u00davod - Pedytrans","isPartOf":{"@id":"https:\/\/pedytrans.cz\/#website"},"datePublished":"2021-02-19T21:26:16+00:00","dateModified":"2021-02-23T20:25:36+00:00","breadcrumb":{"@id":"https:\/\/pedytrans.cz\/de\/#breadcrumb"},"inLanguage":"de","potentialAction":[{"@type":"ReadAction","target":["https:\/\/pedytrans.cz\/de\/"]}]},{"@type":"BreadcrumbList","@id":"https:\/\/pedytrans.cz\/de\/#breadcrumb","itemListElement":[{"@type":"ListItem","position":1,"name":"Dom\u016f","item":"https:\/\/pedytrans.cz\/de\/"},{"@type":"ListItem","position":2,"name":"\u00davod"}]},{"@type":"WebSite","@id":"https:\/\/pedytrans.cz\/#website","url":"https:\/\/pedytrans.cz\/","name":"Pedytrans","description":"Dal\u0161\u00ed web pou\u017e\u00edvaj\u00edc\u00ed WordPress","potentialAction":[{"@type":"SearchAction","target":{"@type":"EntryPoint","urlTemplate":"https:\/\/pedytrans.cz\/?s={search_term_string}"},"query-input":"required name=search_term_string"}],"inLanguage":"de"}]}},"_links":{"self":[{"href":"https:\/\/pedytrans.cz\/de\/wp-json\/wp\/v2\/pages\/224","targetHints":{"allow":["GET"]}}],"collection":[{"href":"https:\/\/pedytrans.cz\/de\/wp-json\/wp\/v2\/pages"}],"about":[{"href":"https:\/\/pedytrans.cz\/de\/wp-json\/wp\/v2\/types\/page"}],"author":[{"embeddable":true,"href":"https:\/\/pedytrans.cz\/de\/wp-json\/wp\/v2\/users\/2"}],"replies":[{"embeddable":true,"href":"https:\/\/pedytrans.cz\/de\/wp-json\/wp\/v2\/comments?post=224"}],"version-history":[{"count":5,"href":"https:\/\/pedytrans.cz\/de\/wp-json\/wp\/v2\/pages\/224\/revisions"}],"predecessor-version":[{"id":239,"href":"https:\/\/pedytrans.cz\/de\/wp-json\/wp\/v2\/pages\/224\/revisions\/239"}],"wp:attachment":[{"href":"https:\/\/pedytrans.cz\/de\/wp-json\/wp\/v2\/media?parent=224"}],"curies":[{"name":"wp","href":"https:\/\/api.w.org\/{rel}","templated":true}]}}